{"id":2209,"date":"2018-12-05T21:00:51","date_gmt":"2018-12-05T12:00:51","guid":{"rendered":"http:\/\/asiahaptics.org\/?page_id=2209"},"modified":"2020-03-10T14:50:48","modified_gmt":"2020-03-10T05:50:48","slug":"awards","status":"publish","type":"page","link":"https:\/\/asiahaptics.org\/2018\/awards\/","title":{"rendered":"Awards"},"content":{"rendered":"<h2>Awards<\/h2>\n<div class=\"div-container\">\n<div class=\"div-content\">\n<h3>Best Demonstration Awards<\/h3>\n<h4>The Award Panel<\/h4>\n<ul>\n<li>Domenico Prattichizzo<\/li>\n<li>Vincent Hayward<\/li>\n<li>Karon MacLean<\/li>\n<li>Kouta Minamizawa<\/li>\n<li>Jinah Park<\/li>\n<li>Mandayam Srinivasan<\/li>\n<li>Yoshihiro Tanaka<\/li>\n<li>Yon Visell<\/li>\n<\/ul>\n<p><\/p>\n<h4>Best Live Demo Finalist<\/h4>\n<ul>\n<li>\u201cLinkGlide: A Wearable Haptic Display with Inverted Five-Bar Linkages for Delivering Multi-contact and Multi-Modal Tactile Stimuli\u201d by Miguel Altamirano Cabrera and Dzmitry Tsetserukou<\/li>\n<li>\u201cWearable Haptic Device that Presents the Haptics Sensation of a Finger Pad to the Forearm and Fingertip\u201d by Taha Moriyama and Hiroyuki Kajimoto<\/li>\n<li>\u201cConceptual Design of Soft Thin Self-sensing Vibrotactile Actuator\u201d by Siho Ryu, Dong-Soo Choi, and Sang-Youn Kim<\/li>\n<li>\u201cSkin Vibration-Based Tactile Tele-Sharing\u201d by Tomohiro Fukuda and Yoshihiro Tanaka<\/li>\n<li>\u201cTowards Automatic Synthesis of Motion Effects\u201d by Sangyoon Han, Jaebong Lee, and Seungmoon Choi<\/li>\n<li>\u201cDevelopment of a Rigidity and Volume Control Module Using a Balloon Filled with Dilatant Fluid\u201d by Saizoh Kojima, Hiroaki Yano, and Hiroo Iwata<\/li>\n<li>\u201cLiquidVR &#8211; Wetness Sensations for Immersive Virtual Reality Experiences\u201d by Kenichiro Shirota, Makoto Uju, Roshan Peiris, and Kouta Minamizawa<\/li>\n<li>\u201cEnhancing Haptic Experience in a Seat with Two-DoF Buttock Skin Stretch\u201d by Arata Horie, Akito Nomura, Kenjiro Tadakuma, Masashi Konyo, Hikaru Nagano, and Satoshi Tadokoro<\/li>\n<\/ul>\n<p><\/p>\n<h4>Winners of the Best Live Demo Awards<\/h4>\n<h5>Gold Award<\/h5>\n<p><img decoding=\"async\" src=\"\/2018\/wp-content\/uploads\/2018\/11\/AH-D3-Awards_06.jpg\"\/><br \/>\n<span class=\"size11e\"><strong>\u201cEnhancing Haptic Experience in a Seat with Two-DoF Buttock Skin Stretch\u201d by Arata Horie, Akito Nomura, Kenjiro Tadakuma, Masashi Konyo, Hikaru Nagano, and Satoshi Tadokoro<\/strong><\/span><\/p>\n<h5>Silver Award<\/h5>\n<p><img decoding=\"async\" src=\"\/2018\/wp-content\/uploads\/2018\/11\/AH-D3-Awards_05.jpg\"\/><br \/>\n<span class=\"size11e\"><strong>\u201cLiquidVR &#8211; Wetness Sensations for Immersive Virtual Reality Experiences\u201d by Kenichiro Shirota, Makoto Uju, Roshan Peiris, and Kouta Minamizawa<\/strong><\/span><\/p>\n<h5>Bronze Award<\/h5>\n<p><img decoding=\"async\" src=\"\/2018\/wp-content\/uploads\/2018\/11\/AH-D3-Awards_04.jpg\"\/><br \/>\n<span class=\"size11e\"><strong>\u201cLinkGlide: A Wearable Haptic Display with Inverted Five-Bar Linkages for Delivering Multi-contact and Multi-Modal Tactile Stimuli\u201d by Miguel Altamirano Cabrera and Dzmitry Tsetserukou<\/strong><\/span><\/p>\n<h4>Best Video Demo Finalist<\/h4>\n<ul>\n<li>\u201cA Graphical Tactile Display for the Visually Impaired\u201d by Yang Jiao, Xiaobo Lu and Yingqing Xu<\/li>\n<li>\u201cA Movable Humanoid Robot for Presenting Walking Sensation of a Giant\u201d by Shintaro Koiwa, Daisuke Morita, Yuki Enzaki and Hiroo Iwata<\/li>\n<\/ul>\n<p><\/p>\n<h4>Winner of the Best Video Demo Award<\/h4>\n<p><span class=\"size11e\"><strong>&#8220;A Graphical Tactile Display for the Visually Impaired\u201d by Yang Jiao, Xiaobo Lu and Yingqing Xu<\/strong><\/span><\/p>\n<\/div>\n<div class=\"div-content\">\n<h3>Student Challenge in Automotive Haptics Sponsored by Hyundai Motors<\/h3>\n<h4>The Award Panel<\/h4>\n<ul>\n<li>Kyungjin Jang<\/li>\n<li>Juin Kim<\/li>\n<li>Fernando Bello<\/li>\n<li>Hiroyuki Shinoda<\/li>\n<li>Yuru Zhang<\/li>\n<li>Jin-Ryong Kim<\/li>\n<\/ul>\n<h4>Winners of the Student Challenge in Automotive Haptics<\/h4>\n<h5>1st place<\/h5>\n<p><img decoding=\"async\" src=\"\/2018\/wp-content\/uploads\/2018\/11\/AH-D3-Awards_03.jpg\"\/><br \/>\n<span class=\"size11e\"><strong>&#8220;Vibrotactile push latch effects on the automotive handleless doors&#8221; by Team HVR-KHU<\/strong><\/span><br \/>\n<span class=\"size11e\">  Arsen Abdulali and Ruslan Rakhmatov (Advisor: Prof. Seokhee Jeon, Kyung Hee University, Korea) <\/span><\/p>\n<h5>2nd place<\/h5>\n<p><img decoding=\"async\" src=\"\/2018\/wp-content\/uploads\/2018\/11\/AH-D3-Awards_02.jpg\"\/><br \/>\n\t<span class=\"size11e\"><strong>&#8220;Haptic Cushion: A plug and play Solution to Improve Drivers\u2019 Response and Safety at traffic Lights&#8221; by Team Kyodai Haptics <\/strong><\/span><\/p>\n<p><span class=\"size11e\">  Sajid Nisar, Hardik Parwana, Mintaek Oh, Anh-Quy Hoang, and Farhad Shabani (Advisor: Prof. Fumitoshi Matsuno, Kyoto University, Japan)<\/span><\/p>\n<h5>3rd place<\/h5>\n<div class=\"content-left-image-imgcol\" data-type=\"column\"><img decoding=\"async\" src=\"\/2018\/wp-content\/uploads\/2018\/11\/AH-D3-Awards_01.jpg\"\/><br \/>\n<span class=\"size11e\"><strong>&#8220;A Series Elastic Brake Pedal for Regenerative Braking&#8221; by Team SEA Brake Pedal<\/strong> <\/span><br \/>\n<span class=\"size11e\"> Umut \u00c7al\u0131\u015fkan, Ardan Apayd\u0131n and Ata Otaran (Advisor: Prof. Volkan Patoglu, Sabanci University, Turkey)<\/span><\/p>\n<p><span class=\"size11e\"><strong>&#8220;Haptic Gearshift\u2019s Engagement Assistant: Haptic Knob and Pedal to Improve the Gearshift\u2019s Engagement Maneuvers&#8221; by Team Sant\u2019Anna Haptics<\/strong> <\/span><br \/>\n<span class=\"size11e\">  Domenico Chiaradia and Antonio Di Guardo (Advisor: Prof. Antonio Frisoli, SSSA, Italy)<\/span><\/div>\n<\/div>\n","protected":false},"excerpt":{"rendered":"<p>Awards Best Demonstration Awards The Award Panel Domenico Prattichizzo Vincent Hayward Karon MacLean Kouta Minamizawa Jinah Park Mandayam Srinivasan Yoshihiro Tanaka Yon Visell Best Live Demo Finalist \u201cLinkGlide: A Wearable Haptic Display with Inverted Five-Bar Linkages for Delivering Multi-contact and Multi-Modal Tactile Stimuli\u201d by Miguel Altamirano Cabrera and Dzmitry Tsetserukou \u201cWearable Haptic Device that Presents&hellip; <br \/> <a class=\"button small blue\" href=\"https:\/\/asiahaptics.org\/2018\/awards\/\">Read more<\/a><\/p>\n","protected":false},"author":1,"featured_media":0,"parent":0,"menu_order":0,"comment_status":"closed","ping_status":"closed","template":"","meta":{"jetpack_post_was_ever_published":false,"footnotes":""},"class_list":["post-2209","page","type-page","status-publish","hentry"],"jetpack_sharing_enabled":true,"jetpack_shortlink":"https:\/\/wp.me\/PfRgDU-zD","_links":{"self":[{"href":"https:\/\/asiahaptics.org\/2018\/wp-json\/wp\/v2\/pages\/2209","targetHints":{"allow":["GET"]}}],"collection":[{"href":"https:\/\/asiahaptics.org\/2018\/wp-json\/wp\/v2\/pages"}],"about":[{"href":"https:\/\/asiahaptics.org\/2018\/wp-json\/wp\/v2\/types\/page"}],"author":[{"embeddable":true,"href":"https:\/\/asiahaptics.org\/2018\/wp-json\/wp\/v2\/users\/1"}],"replies":[{"embeddable":true,"href":"https:\/\/asiahaptics.org\/2018\/wp-json\/wp\/v2\/comments?post=2209"}],"version-history":[{"count":21,"href":"https:\/\/asiahaptics.org\/2018\/wp-json\/wp\/v2\/pages\/2209\/revisions"}],"predecessor-version":[{"id":2263,"href":"https:\/\/asiahaptics.org\/2018\/wp-json\/wp\/v2\/pages\/2209\/revisions\/2263"}],"wp:attachment":[{"href":"https:\/\/asiahaptics.org\/2018\/wp-json\/wp\/v2\/media?parent=2209"}],"curies":[{"name":"wp","href":"https:\/\/api.w.org\/{rel}","templated":true}]}}